{"id":15,"date":"2017-08-19T07:25:52","date_gmt":"2017-08-19T07:25:52","guid":{"rendered":"http:\/\/ppnh.de\/?page_id=15"},"modified":"2022-03-12T05:58:11","modified_gmt":"2022-03-12T04:58:11","slug":"produkte","status":"publish","type":"page","link":"https:\/\/www.tanahlot.de\/index.php\/produkte\/","title":{"rendered":"Produktbereiche"},"content":{"rendered":"\n<h2 class=\"wp-block-heading\">Unsere Produkte sind so vielf\u00e4ltig wie unsere Kunden. Mobilit\u00e4t und Energie f\u00fcr die neue Generation. Kommunikation in Echtzeit. Wir k\u00f6nnen das.<\/h2>\n\n\n\n<figure class=\"wp-block-image\"><a href=\"https:\/\/www.tanahlot.de\/index.php\/produkte\/photovoltaik\/\"><img loading=\"lazy\" decoding=\"async\" width=\"993\" height=\"331\" src=\"http:\/\/www.tanahlot.de\/wp-content\/uploads\/2017\/08\/solar_kl2.jpg\" alt=\"\" class=\"wp-image-65\" srcset=\"https:\/\/www.tanahlot.de\/wp-content\/uploads\/2017\/08\/solar_kl2.jpg 993w, https:\/\/www.tanahlot.de\/wp-content\/uploads\/2017\/08\/solar_kl2-300x100.jpg 300w, https:\/\/www.tanahlot.de\/wp-content\/uploads\/2017\/08\/solar_kl2-768x256.jpg 768w, https:\/\/www.tanahlot.de\/wp-content\/uploads\/2017\/08\/solar_kl2-425x142.jpg 425w\" sizes=\"auto, (max-width: 993px) 100vw, 993px\" \/><\/a><figcaption><strong>Intelligente Photovoltaik-Anlagen<\/strong> (<a href=\"https:\/\/www.tanahlot.de\/index.php\/produkte\/photovoltaik-mit-speicher-zur-eigenutzung\/pv-galerie\/\">hier zur Galerie<\/a>)<\/figcaption><\/figure>\n\n\n\n<figure class=\"wp-block-image size-large\"><a href=\"https:\/\/www.tanahlot.de\/index.php\/produkte\/wallbox\/\"><img loading=\"lazy\" decoding=\"async\" width=\"1024\" height=\"338\" src=\"https:\/\/www.tanahlot.de\/wp-content\/uploads\/2020\/06\/wallbox_kl_text-1024x338.jpg\" alt=\"\" class=\"wp-image-282\" srcset=\"https:\/\/www.tanahlot.de\/wp-content\/uploads\/2020\/06\/wallbox_kl_text-1024x338.jpg 1024w, https:\/\/www.tanahlot.de\/wp-content\/uploads\/2020\/06\/wallbox_kl_text-300x99.jpg 300w, https:\/\/www.tanahlot.de\/wp-content\/uploads\/2020\/06\/wallbox_kl_text-768x254.jpg 768w, https:\/\/www.tanahlot.de\/wp-content\/uploads\/2020\/06\/wallbox_kl_text-1536x507.jpg 1536w, https:\/\/www.tanahlot.de\/wp-content\/uploads\/2020\/06\/wallbox_kl_text-425x140.jpg 425w, https:\/\/www.tanahlot.de\/wp-content\/uploads\/2020\/06\/wallbox_kl_text.jpg 2013w\" sizes=\"auto, (max-width: 1024px) 100vw, 1024px\" \/><\/a><figcaption><strong>E-Auto zuhause schnell Laden<\/strong>: wir f\u00fchren Wallbox-Installationen durch<\/figcaption><\/figure>\n\n\n\n<figure class=\"wp-block-image size-large\"><a href=\"https:\/\/www.tanahlot.de\/index.php\/produkte\/sicherheit\/\"><img loading=\"lazy\" decoding=\"async\" width=\"1024\" height=\"341\" src=\"https:\/\/www.tanahlot.de\/wp-content\/uploads\/2020\/06\/sicher_kl-1024x341.jpg\" alt=\"\" class=\"wp-image-291\" srcset=\"https:\/\/www.tanahlot.de\/wp-content\/uploads\/2020\/06\/sicher_kl-1024x341.jpg 1024w, https:\/\/www.tanahlot.de\/wp-content\/uploads\/2020\/06\/sicher_kl-300x100.jpg 300w, https:\/\/www.tanahlot.de\/wp-content\/uploads\/2020\/06\/sicher_kl-768x256.jpg 768w, https:\/\/www.tanahlot.de\/wp-content\/uploads\/2020\/06\/sicher_kl-1536x511.jpg 1536w, https:\/\/www.tanahlot.de\/wp-content\/uploads\/2020\/06\/sicher_kl-425x141.jpg 425w, https:\/\/www.tanahlot.de\/wp-content\/uploads\/2020\/06\/sicher_kl.jpg 2013w\" sizes=\"auto, (max-width: 1024px) 100vw, 1024px\" \/><\/a><figcaption>Sicherheit zuhause<\/figcaption><\/figure>\n\n\n\n<figure class=\"wp-block-image\"><img loading=\"lazy\" decoding=\"async\" width=\"1024\" height=\"341\" src=\"http:\/\/www.tanahlot.de\/wp-content\/uploads\/2017\/08\/hajshop-1024x341.jpg\" alt=\"\" class=\"wp-image-79\" srcset=\"https:\/\/www.tanahlot.de\/wp-content\/uploads\/2017\/08\/hajshop-1024x341.jpg 1024w, https:\/\/www.tanahlot.de\/wp-content\/uploads\/2017\/08\/hajshop-300x100.jpg 300w, https:\/\/www.tanahlot.de\/wp-content\/uploads\/2017\/08\/hajshop-768x256.jpg 768w, https:\/\/www.tanahlot.de\/wp-content\/uploads\/2017\/08\/hajshop-425x142.jpg 425w, https:\/\/www.tanahlot.de\/wp-content\/uploads\/2017\/08\/hajshop.jpg 1833w\" sizes=\"auto, (max-width: 1024px) 100vw, 1024px\" \/><figcaption><strong>Onlineshop f\u00fcr den Hannover Airport<\/strong><\/figcaption><\/figure>\n\n\n\n<figure class=\"wp-block-image\"><img loading=\"lazy\" decoding=\"async\" width=\"1024\" height=\"341\" src=\"http:\/\/www.tanahlot.de\/wp-content\/uploads\/2017\/08\/chatbot_kl2-1024x341.jpg\" alt=\"\" class=\"wp-image-67\" srcset=\"https:\/\/www.tanahlot.de\/wp-content\/uploads\/2017\/08\/chatbot_kl2-1024x341.jpg 1024w, https:\/\/www.tanahlot.de\/wp-content\/uploads\/2017\/08\/chatbot_kl2-300x100.jpg 300w, https:\/\/www.tanahlot.de\/wp-content\/uploads\/2017\/08\/chatbot_kl2-768x256.jpg 768w, https:\/\/www.tanahlot.de\/wp-content\/uploads\/2017\/08\/chatbot_kl2-425x142.jpg 425w, https:\/\/www.tanahlot.de\/wp-content\/uploads\/2017\/08\/chatbot_kl2.jpg 1248w\" sizes=\"auto, (max-width: 1024px) 100vw, 1024px\" \/><figcaption><strong>Kundenkommunikation mit Chatbots<\/strong>&nbsp; <a href=\"https:\/\/chatbotxxl.com\/\">hier zur Subseite<\/a><\/figcaption><\/figure>\n","protected":false},"excerpt":{"rendered":"<p>Unsere Produkte sind so vielf\u00e4ltig wie unsere Kunden. Mobilit\u00e4t und Energie f\u00fcr die neue Generation. Kommunikation in Echtzeit. Wir k\u00f6nnen das.<a class=\"more-link\" href=\"https:\/\/www.tanahlot.de\/index.php\/produkte\/\">Read More &rarr;<\/a><\/p>\n","protected":false},"author":1,"featured_media":0,"parent":0,"menu_order":0,"comment_status":"closed","ping_status":"closed","template":"","meta":{"footnotes":""},"class_list":["entry","page","publish","author-wptanaadmin","post-15"],"_links":{"self":[{"href":"https:\/\/www.tanahlot.de\/index.php\/wp-json\/wp\/v2\/pages\/15","targetHints":{"allow":["GET"]}}],"collection":[{"href":"https:\/\/www.tanahlot.de\/index.php\/wp-json\/wp\/v2\/pages"}],"about":[{"href":"https:\/\/www.tanahlot.de\/index.php\/wp-json\/wp\/v2\/types\/page"}],"author":[{"embeddable":true,"href":"https:\/\/www.tanahlot.de\/index.php\/wp-json\/wp\/v2\/users\/1"}],"replies":[{"embeddable":true,"href":"https:\/\/www.tanahlot.de\/index.php\/wp-json\/wp\/v2\/comments?post=15"}],"version-history":[{"count":43,"href":"https:\/\/www.tanahlot.de\/index.php\/wp-json\/wp\/v2\/pages\/15\/revisions"}],"predecessor-version":[{"id":442,"href":"https:\/\/www.tanahlot.de\/index.php\/wp-json\/wp\/v2\/pages\/15\/revisions\/442"}],"wp:attachment":[{"href":"https:\/\/www.tanahlot.de\/index.php\/wp-json\/wp\/v2\/media?parent=15"}],"curies":[{"name":"wp","href":"https:\/\/api.w.org\/{rel}","templated":true}]}}