{"id":2,"date":"2017-08-19T07:01:47","date_gmt":"2017-08-19T07:01:47","guid":{"rendered":"http:\/\/ppnh.de\/?page_id=2"},"modified":"2020-06-19T12:45:17","modified_gmt":"2020-06-19T10:45:17","slug":"home","status":"publish","type":"page","link":"https:\/\/www.tanahlot.de\/","title":{"rendered":"Home"},"content":{"rendered":"\n<div class=\"wp-block-media-text alignwide is-stacked-on-mobile\" style=\"grid-template-columns:28% auto\"><figure class=\"wp-block-media-text__media\"><img loading=\"lazy\" decoding=\"async\" width=\"150\" height=\"150\" src=\"https:\/\/www.tanahlot.de\/wp-content\/uploads\/2017\/08\/janice-lee-334395-150x150.jpg\" alt=\"\" class=\"wp-image-46\"\/><\/figure><div class=\"wp-block-media-text__content\">\n<p>tanahlot ist anders. Besser. Eine Kompetenz Insel in einer komplexen IT-Landschaft. Sicher und stabil. Innovativ und nachhaltig. Wir stehen f\u00fcr langfristige L\u00f6sungen. Auch wenn die Wellen einmal h\u00f6her schlagen.<\/p>\n\n\n\n<p><strong>&#8222;Land inmitten des Meeres&#8220;.<\/strong> (<em>freie hinduistische \u00dcbersetzung<\/em>)<\/p>\n<\/div><\/div>\n","protected":false},"excerpt":{"rendered":"<p>tanahlot ist anders. Besser. Eine Kompetenz Insel in einer komplexen IT-Landschaft. Sicher und stabil. Innovativ und nachhaltig. Wir stehen f\u00fcr langfristige L\u00f6sungen. Auch wenn die Wellen einmal h\u00f6her schlagen. &#8222;Land inmitten des Meeres&#8220;. (freie hinduistische \u00dcbersetzung)<a class=\"more-link\" href=\"https:\/\/www.tanahlot.de\/\">Read More &rarr;<\/a><\/p>\n","protected":false},"author":1,"featured_media":0,"parent":0,"menu_order":0,"comment_status":"closed","ping_status":"closed","template":"page-templates\/template-widgetized.php","meta":{"footnotes":""},"class_list":["entry","page","publish","author-wptanaadmin","post-2"],"_links":{"self":[{"href":"https:\/\/www.tanahlot.de\/index.php\/wp-json\/wp\/v2\/pages\/2","targetHints":{"allow":["GET"]}}],"collection":[{"href":"https:\/\/www.tanahlot.de\/index.php\/wp-json\/wp\/v2\/pages"}],"about":[{"href":"https:\/\/www.tanahlot.de\/index.php\/wp-json\/wp\/v2\/types\/page"}],"author":[{"embeddable":true,"href":"https:\/\/www.tanahlot.de\/index.php\/wp-json\/wp\/v2\/users\/1"}],"replies":[{"embeddable":true,"href":"https:\/\/www.tanahlot.de\/index.php\/wp-json\/wp\/v2\/comments?post=2"}],"version-history":[{"count":13,"href":"https:\/\/www.tanahlot.de\/index.php\/wp-json\/wp\/v2\/pages\/2\/revisions"}],"predecessor-version":[{"id":389,"href":"https:\/\/www.tanahlot.de\/index.php\/wp-json\/wp\/v2\/pages\/2\/revisions\/389"}],"wp:attachment":[{"href":"https:\/\/www.tanahlot.de\/index.php\/wp-json\/wp\/v2\/media?parent=2"}],"curies":[{"name":"wp","href":"https:\/\/api.w.org\/{rel}","templated":true}]}}