{"id":218,"date":"2020-06-15T10:46:31","date_gmt":"2020-06-15T08:46:31","guid":{"rendered":"https:\/\/www.tanahlot.de\/?page_id=218"},"modified":"2022-03-12T06:08:55","modified_gmt":"2022-03-12T05:08:55","slug":"wallbox","status":"publish","type":"page","link":"https:\/\/www.tanahlot.de\/index.php\/produkte\/wallbox\/","title":{"rendered":"Wallbox"},"content":{"rendered":"\n<figure class=\"wp-block-image size-large\"><img loading=\"lazy\" decoding=\"async\" width=\"1024\" height=\"338\" src=\"https:\/\/www.tanahlot.de\/wp-content\/uploads\/2020\/06\/wallbox_kl_text-1024x338.jpg\" alt=\"\" class=\"wp-image-282\" srcset=\"https:\/\/www.tanahlot.de\/wp-content\/uploads\/2020\/06\/wallbox_kl_text-1024x338.jpg 1024w, https:\/\/www.tanahlot.de\/wp-content\/uploads\/2020\/06\/wallbox_kl_text-300x99.jpg 300w, https:\/\/www.tanahlot.de\/wp-content\/uploads\/2020\/06\/wallbox_kl_text-768x254.jpg 768w, https:\/\/www.tanahlot.de\/wp-content\/uploads\/2020\/06\/wallbox_kl_text-1536x507.jpg 1536w, https:\/\/www.tanahlot.de\/wp-content\/uploads\/2020\/06\/wallbox_kl_text-425x140.jpg 425w, https:\/\/www.tanahlot.de\/wp-content\/uploads\/2020\/06\/wallbox_kl_text.jpg 2013w\" sizes=\"auto, (max-width: 1024px) 100vw, 1024px\" \/><\/figure>\n\n\n\n<p>Um ein Elektroauto zuhause komfortabel und schnell aufladen zu k\u00f6nnen, brauchen Sie eine &#8222;Wallbox&#8220;.<\/p>\n\n\n\n<p>Nat\u00fcrlich kann man ein Elektroauto auch \u00fcbergangsweise an einer gew\u00f6hnlichen Steckdose aufladen. Diese Methode hat folgende Nachteile:<\/p>\n\n\n\n<ul class=\"wp-block-list\"><li>sehr langsam (2,2kWh pro Stunde bei angenommenen 10A)<\/li><li>Hausinstallation sollte in gutem Zustand sein (eine Haushaltssteckdose ist nicht f\u00fcr eine Dauerbelastung von 10A oder 16A ausgelegt) und wird &#8222;strapaziert&#8220; (selbst wenn Sie 16A vermeiden &#8211; was wir sehr raten &#8211; f\u00fchrt auch eine Dauerbelastung von 10A zu Erw\u00e4rmung und damit Energieverlusten und Brand-Risiken)<\/li><li>Haushaltsteckdosen sind schon rein mechanisch nicht f\u00fcr h\u00e4ufige Steckvorg\u00e4nge ausgelegt<\/li><\/ul>\n\n\n\n<p>Zuhause oder am Arbeitsplatz ist die Installation einer AC-Wallbox sinnvoll. DC-Ladestation erm\u00f6glichen zwar noch schnelleres Laden, sind aber um Gr\u00f6\u00dfenordnungen teurer und lassen sich kaum ohne bauliche (Energieversorger) Ma\u00dfnahmen (Anschlussleistung erh\u00f6hen) installieren. Im Folgenden eine \u00dcbersicht zur groben Orientierung.<\/p>\n\n\n\n<figure class=\"wp-block-table\"><table><thead><tr><th>Anschluss<\/th><th>Ladeleistung<\/th><th>Akku<\/th><th>Ladedauer<br>20-80%<\/th><th>Ladedauer<br>0-100%<\/th><th>E-Auto<br>(Beispiel)<\/th><\/tr><\/thead><tbody><tr><td>Steckdose<\/td><td>2,2kW<\/td><td>40kWh<\/td><td>ca. 11h<\/td><td>ca. 19h<\/td><td>-jedes-<\/td><\/tr><tr><td>Wallbox<\/td><td>11kW<\/td><td>75kWh<\/td><td>ca. 4h<\/td><td>ca. 7h<\/td><td>TESLA M3 LR<\/td><\/tr><tr><td>Wallbox<\/td><td>22kW<\/td><td>17,6kWh<\/td><td>ca. 30min<\/td><td>ca. 1h<\/td><td>smart EQ<\/td><\/tr><tr><td>Wallbox<\/td><td>4,6kW<\/td><td>17,6kWh<\/td><td>ca. 2,5h<\/td><td>ca. 4h<\/td><td>smart EQ<\/td><\/tr><tr><td>Wallbox<\/td><td>22kW<\/td><td>52kWh<\/td><td>ca. 100min<\/td><td>ca. 4h<\/td><td>Renault ZOE<\/td><\/tr><tr><td>Wallbox<\/td><td>11kW<\/td><td>32,6kWh<\/td><td>ca. 2h<\/td><td>ca. 3,5h<\/td><td>Mini cooper SE<\/td><\/tr><tr><td>Wallbox<\/td><td>11kW<\/td><td>71kWh<\/td><td>ca. 4h<\/td><td>ca. 7h<\/td><td>Audi e-tron 50<\/td><\/tr><\/tbody><\/table><figcaption>* Anhaltspunkte f\u00fcr das Verh\u00e4ltnis von Akku, Ladeleistung, Ladedauer<\/figcaption><\/figure>\n\n\n\n<p>Wallboxen mit Ladeleistungen bis 11kW sind genehmigungsfrei, m\u00fcssen aber dem EVU gemeldet werden, Wallboxen mit Ladeleistung >11kW m\u00fcssen vom Energieversorger genehmigt werden.<\/p>\n\n\n\n<p>Wallboxen unterscheiden sich hinsichtlich:<\/p>\n\n\n\n<ul class=\"wp-block-list\"><li>maximale Ladeleistung<\/li><li>eingebauter Stromz\u00e4hler (Abrechnung von Dienst-PKW)<\/li><li>Zugangsberechtigung (Schl\u00fcsselschalter, Transponder)<\/li><li>Fernsteuerung per App (handy)<\/li><li>Integration in Hausautomatisierung (EEBUS, modbus)<\/li><li>Integration in PV-Anlage (\u00dcberschu\u00dfladen)<\/li><\/ul>\n\n\n\n<p>Wir beraten mit Ihnen gemeinsam, welche L\u00f6sung am geeignetsten ist. Einfache Wallboxen kosten etwa EUR 600, Wallboxen mit hoher Integration etwa EUR 2.000. <\/p>\n\n\n\n<p>Wir installieren Ger\u00e4te namhafter Hersteller wie Mennekes, KEBA, SMA, Easee und andere.<\/p>\n\n\n\n<p>Der Installationsaufwand ist ohne vor-Ort-Besichtigung schwer zu sch\u00e4tzen, bewegt sich zwischen EUR 700 und EUR 2.000.<\/p>\n\n\n\n<h2 class=\"wp-block-heading\">So sieht die Energiesteuerung mit einer in das PV-System integrierten wallbox aus:<\/h2>\n\n\n\n<figure class=\"wp-block-image size-large\"><img loading=\"lazy\" decoding=\"async\" width=\"1024\" height=\"557\" src=\"https:\/\/www.tanahlot.de\/wp-content\/uploads\/2021\/07\/pv_wallbox-1024x557.png\" alt=\"\" class=\"wp-image-401\" srcset=\"https:\/\/www.tanahlot.de\/wp-content\/uploads\/2021\/07\/pv_wallbox-1024x557.png 1024w, https:\/\/www.tanahlot.de\/wp-content\/uploads\/2021\/07\/pv_wallbox-300x163.png 300w, https:\/\/www.tanahlot.de\/wp-content\/uploads\/2021\/07\/pv_wallbox-768x418.png 768w, https:\/\/www.tanahlot.de\/wp-content\/uploads\/2021\/07\/pv_wallbox-425x231.png 425w, https:\/\/www.tanahlot.de\/wp-content\/uploads\/2021\/07\/pv_wallbox.png 1028w\" sizes=\"auto, (max-width: 1024px) 100vw, 1024px\" \/><\/figure>\n","protected":false},"excerpt":{"rendered":"<p>Um ein Elektroauto zuhause komfortabel und schnell aufladen zu k\u00f6nnen, brauchen Sie eine &#8222;Wallbox&#8220;. Nat\u00fcrlich kann man ein Elektroauto auch \u00fcbergangsweise an einer gew\u00f6hnlichen Steckdose aufladen. Diese Methode hat folgende Nachteile: sehr langsam (2,2kWh pro Stunde bei angenommenen 10A) Hausinstallation sollte in gutem Zustand sein (eine Haushaltssteckdose ist nicht f\u00fcr eine Dauerbelastung von 10A oder 16A ausgelegt) und wird &#8222;strapaziert&#8220; (selbst wenn Sie 16A vermeiden &#8211; was wir sehr raten &#8211; f\u00fchrt auch eine Dauerbelastung von 10A zu Erw\u00e4rmung und damit Energieverlusten und Brand-Risiken) Haushaltsteckdosen sind schon rein mechanisch nicht f\u00fcr h\u00e4ufige Steckvorg\u00e4nge ausgelegt Zuhause oder am Arbeitsplatz ist die Installation einer AC-Wallbox sinnvoll. DC-Ladestation<a class=\"more-link\" href=\"https:\/\/www.tanahlot.de\/index.php\/produkte\/wallbox\/\">Read More &rarr;<\/a><\/p>\n","protected":false},"author":1,"featured_media":0,"parent":15,"menu_order":0,"comment_status":"closed","ping_status":"closed","template":"","meta":{"footnotes":""},"class_list":["entry","page","publish","author-wptanaadmin","post-218"],"_links":{"self":[{"href":"https:\/\/www.tanahlot.de\/index.php\/wp-json\/wp\/v2\/pages\/218","targetHints":{"allow":["GET"]}}],"collection":[{"href":"https:\/\/www.tanahlot.de\/index.php\/wp-json\/wp\/v2\/pages"}],"about":[{"href":"https:\/\/www.tanahlot.de\/index.php\/wp-json\/wp\/v2\/types\/page"}],"author":[{"embeddable":true,"href":"https:\/\/www.tanahlot.de\/index.php\/wp-json\/wp\/v2\/users\/1"}],"replies":[{"embeddable":true,"href":"https:\/\/www.tanahlot.de\/index.php\/wp-json\/wp\/v2\/comments?post=218"}],"version-history":[{"count":33,"href":"https:\/\/www.tanahlot.de\/index.php\/wp-json\/wp\/v2\/pages\/218\/revisions"}],"predecessor-version":[{"id":445,"href":"https:\/\/www.tanahlot.de\/index.php\/wp-json\/wp\/v2\/pages\/218\/revisions\/445"}],"up":[{"embeddable":true,"href":"https:\/\/www.tanahlot.de\/index.php\/wp-json\/wp\/v2\/pages\/15"}],"wp:attachment":[{"href":"https:\/\/www.tanahlot.de\/index.php\/wp-json\/wp\/v2\/media?parent=218"}],"curies":[{"name":"wp","href":"https:\/\/api.w.org\/{rel}","templated":true}]}}